{"id":994,"date":"2025-12-21T23:30:51","date_gmt":"2025-12-21T22:30:51","guid":{"rendered":"https:\/\/www.skitatry.sk\/?page_id=994"},"modified":"2025-12-21T23:33:51","modified_gmt":"2025-12-21T22:33:51","slug":"livestream-zadna-lopusna","status":"publish","type":"page","link":"https:\/\/www.skitatry.sk\/?page_id=994","title":{"rendered":"Livestream Zadn\u00e1 Lopu\u0161n\u00e1"},"content":{"rendered":"\n<div style=\"position: relative; padding-bottom: 56.25%; height: 0; overflow: hidden; max-width: 100%;\">\n  <iframe \n    src=\"https:\/\/www.radionet.sk\/lopusna\/index.html\" \n    style=\"position: absolute; top: 0; left: 0; width: 100%; height: 100%; border: 0;\" \n    allow=\"autoplay; encrypted-media; fullscreen\" \n    allowfullscreen>\n  <\/iframe>\n<\/div>\n","protected":false},"excerpt":{"rendered":"","protected":false},"author":1,"featured_media":0,"parent":0,"menu_order":0,"comment_status":"closed","ping_status":"closed","template":"","meta":{"_monsterinsights_skip_tracking":false,"_monsterinsights_sitenote_active":false,"_monsterinsights_sitenote_note":"","_monsterinsights_sitenote_category":0},"yoast_head":"<!-- This site is optimized with the Yoast SEO plugin v19.8 - https:\/\/yoast.com\/wordpress\/plugins\/seo\/ -->\n<title>Livestream Zadn\u00e1 Lopu\u0161n\u00e1 - SkiTatry<\/title>\n<meta name=\"description\" content=\"\u017div\u00fd prenos z webkamery z ly\u017eiarskeho strediska SKITARY - Zadn\u00e1 Lopu\u0161n\u00e1\" \/>\n<meta name=\"robots\" content=\"index, follow, max-snippet:-1, max-image-preview:large, max-video-preview:-1\" \/>\n<link rel=\"canonical\" href=\"https:\/\/www.skitatry.sk\/?page_id=994\" \/>\n<meta property=\"og:locale\" content=\"sk_SK\" \/>\n<meta property=\"og:type\" content=\"article\" \/>\n<meta property=\"og:title\" content=\"Livestream Zadn\u00e1 Lopu\u0161n\u00e1 - SkiTatry\" \/>\n<meta property=\"og:description\" content=\"\u017div\u00fd prenos z webkamery z ly\u017eiarskeho strediska SKITARY - Zadn\u00e1 Lopu\u0161n\u00e1\" \/>\n<meta property=\"og:url\" content=\"https:\/\/www.skitatry.sk\/?page_id=994\" \/>\n<meta property=\"og:site_name\" content=\"SkiTatry\" \/>\n<meta property=\"article:modified_time\" content=\"2025-12-21T22:33:51+00:00\" \/>\n<meta name=\"twitter:card\" content=\"summary_large_image\" \/>\n<script type=\"application\/ld+json\" class=\"yoast-schema-graph\">{\"@context\":\"https:\/\/schema.org\",\"@graph\":[{\"@type\":\"WebPage\",\"@id\":\"https:\/\/www.skitatry.sk\/?page_id=994\",\"url\":\"https:\/\/www.skitatry.sk\/?page_id=994\",\"name\":\"Livestream Zadn\u00e1 Lopu\u0161n\u00e1 - SkiTatry\",\"isPartOf\":{\"@id\":\"https:\/\/www.skitatry.sk\/#website\"},\"datePublished\":\"2025-12-21T22:30:51+00:00\",\"dateModified\":\"2025-12-21T22:33:51+00:00\",\"description\":\"\u017div\u00fd prenos z webkamery z ly\u017eiarskeho strediska SKITARY - Zadn\u00e1 Lopu\u0161n\u00e1\",\"breadcrumb\":{\"@id\":\"https:\/\/www.skitatry.sk\/?page_id=994#breadcrumb\"},\"inLanguage\":\"sk-SK\",\"potentialAction\":[{\"@type\":\"ReadAction\",\"target\":[\"https:\/\/www.skitatry.sk\/?page_id=994\"]}]},{\"@type\":\"BreadcrumbList\",\"@id\":\"https:\/\/www.skitatry.sk\/?page_id=994#breadcrumb\",\"itemListElement\":[{\"@type\":\"ListItem\",\"position\":1,\"name\":\"Home\",\"item\":\"https:\/\/www.skitatry.sk\/\"},{\"@type\":\"ListItem\",\"position\":2,\"name\":\"Livestream Zadn\u00e1 Lopu\u0161n\u00e1\"}]},{\"@type\":\"WebSite\",\"@id\":\"https:\/\/www.skitatry.sk\/#website\",\"url\":\"https:\/\/www.skitatry.sk\/\",\"name\":\"SkiTatry\",\"description\":\"Dokonal\u00e1 ly\u017eova\u010dka v Lopu\u0161ke\",\"potentialAction\":[{\"@type\":\"SearchAction\",\"target\":{\"@type\":\"EntryPoint\",\"urlTemplate\":\"https:\/\/www.skitatry.sk\/?s={search_term_string}\"},\"query-input\":\"required name=search_term_string\"}],\"inLanguage\":\"sk-SK\"}]}<\/script>\n<!-- \/ Yoast SEO plugin. -->","yoast_head_json":{"title":"Livestream Zadn\u00e1 Lopu\u0161n\u00e1 - SkiTatry","description":"\u017div\u00fd prenos z webkamery z ly\u017eiarskeho strediska SKITARY - Zadn\u00e1 Lopu\u0161n\u00e1","robots":{"index":"index","follow":"follow","max-snippet":"max-snippet:-1","max-image-preview":"max-image-preview:large","max-video-preview":"max-video-preview:-1"},"canonical":"https:\/\/www.skitatry.sk\/?page_id=994","og_locale":"sk_SK","og_type":"article","og_title":"Livestream Zadn\u00e1 Lopu\u0161n\u00e1 - SkiTatry","og_description":"\u017div\u00fd prenos z webkamery z ly\u017eiarskeho strediska SKITARY - Zadn\u00e1 Lopu\u0161n\u00e1","og_url":"https:\/\/www.skitatry.sk\/?page_id=994","og_site_name":"SkiTatry","article_modified_time":"2025-12-21T22:33:51+00:00","twitter_card":"summary_large_image","schema":{"@context":"https:\/\/schema.org","@graph":[{"@type":"WebPage","@id":"https:\/\/www.skitatry.sk\/?page_id=994","url":"https:\/\/www.skitatry.sk\/?page_id=994","name":"Livestream Zadn\u00e1 Lopu\u0161n\u00e1 - SkiTatry","isPartOf":{"@id":"https:\/\/www.skitatry.sk\/#website"},"datePublished":"2025-12-21T22:30:51+00:00","dateModified":"2025-12-21T22:33:51+00:00","description":"\u017div\u00fd prenos z webkamery z ly\u017eiarskeho strediska SKITARY - Zadn\u00e1 Lopu\u0161n\u00e1","breadcrumb":{"@id":"https:\/\/www.skitatry.sk\/?page_id=994#breadcrumb"},"inLanguage":"sk-SK","potentialAction":[{"@type":"ReadAction","target":["https:\/\/www.skitatry.sk\/?page_id=994"]}]},{"@type":"BreadcrumbList","@id":"https:\/\/www.skitatry.sk\/?page_id=994#breadcrumb","itemListElement":[{"@type":"ListItem","position":1,"name":"Home","item":"https:\/\/www.skitatry.sk\/"},{"@type":"ListItem","position":2,"name":"Livestream Zadn\u00e1 Lopu\u0161n\u00e1"}]},{"@type":"WebSite","@id":"https:\/\/www.skitatry.sk\/#website","url":"https:\/\/www.skitatry.sk\/","name":"SkiTatry","description":"Dokonal\u00e1 ly\u017eova\u010dka v Lopu\u0161ke","potentialAction":[{"@type":"SearchAction","target":{"@type":"EntryPoint","urlTemplate":"https:\/\/www.skitatry.sk\/?s={search_term_string}"},"query-input":"required name=search_term_string"}],"inLanguage":"sk-SK"}]}},"_links":{"self":[{"href":"https:\/\/www.skitatry.sk\/index.php?rest_route=\/wp\/v2\/pages\/994"}],"collection":[{"href":"https:\/\/www.skitatry.sk\/index.php?rest_route=\/wp\/v2\/pages"}],"about":[{"href":"https:\/\/www.skitatry.sk\/index.php?rest_route=\/wp\/v2\/types\/page"}],"author":[{"embeddable":true,"href":"https:\/\/www.skitatry.sk\/index.php?rest_route=\/wp\/v2\/users\/1"}],"replies":[{"embeddable":true,"href":"https:\/\/www.skitatry.sk\/index.php?rest_route=%2Fwp%2Fv2%2Fcomments&post=994"}],"version-history":[{"count":2,"href":"https:\/\/www.skitatry.sk\/index.php?rest_route=\/wp\/v2\/pages\/994\/revisions"}],"predecessor-version":[{"id":997,"href":"https:\/\/www.skitatry.sk\/index.php?rest_route=\/wp\/v2\/pages\/994\/revisions\/997"}],"wp:attachment":[{"href":"https:\/\/www.skitatry.sk\/index.php?rest_route=%2Fwp%2Fv2%2Fmedia&parent=994"}],"curies":[{"name":"wp","href":"https:\/\/api.w.org\/{rel}","templated":true}]}}